{"id":62,"date":"2023-03-14T10:22:09","date_gmt":"2023-03-14T10:22:09","guid":{"rendered":"https:\/\/neubachverlag.de\/?page_id=62"},"modified":"2023-03-14T10:53:01","modified_gmt":"2023-03-14T10:53:01","slug":"kooperationen","status":"publish","type":"page","link":"https:\/\/neubachverlag.de\/?page_id=62","title":{"rendered":"Kooperationen"},"content":{"rendered":"\n<div class=\"wp-block-columns is-layout-flex wp-container-core-columns-is-layout-9d6595d7 wp-block-columns-is-layout-flex\">\n<div class=\"wp-block-column is-layout-flow wp-block-column-is-layout-flow\">\n<div class=\"wp-block-essential-blocks-button\"><div class=\"eb-parent-wrapper eb-parent-eb-button-2efamn7 \"><div class=\"eb-button-wrapper eb-button-alignment eb-button-2efamn7\"><div class=\"eb-button\"><a class=\"eb-button-anchor hvr-grow\" href=\"https:\/\/www.lessek.eu\" rel=\"noopener\"><i class=\" eb-button-icon eb-button-icon-left hvr-icon\"><\/i>Lea  Lessek<\/a><\/div><\/div><\/div><\/div>\n<\/div>\n\n\n\n<div class=\"wp-block-column is-layout-flow wp-block-column-is-layout-flow\">\n<div class=\"wp-block-essential-blocks-button\"><div class=\"eb-parent-wrapper eb-parent-eb-button-zzos9z4 \"><div class=\"eb-button-wrapper eb-button-alignment eb-button-zzos9z4\"><div class=\"eb-button\"><a class=\"eb-button-anchor hvr-grow\" href=\"https:\/\/www.fantasy-by-daniela-vogel.de\" rel=\"noopener\"><i class=\" eb-button-icon eb-button-icon-left hvr-icon\"><\/i>Daniela Vogel<\/a><\/div><\/div><\/div><\/div>\n<\/div>\n\n\n\n<div class=\"wp-block-column is-layout-flow wp-block-column-is-layout-flow\"><\/div>\n<\/div>\n\n\n\n<p><\/p>\n","protected":false},"excerpt":{"rendered":"","protected":false},"author":1,"featured_media":0,"parent":0,"menu_order":0,"comment_status":"closed","ping_status":"closed","template":"","meta":{"ub_ctt_via":"","_coblocks_attr":"","_coblocks_dimensions":"","_coblocks_responsive_height":"","_coblocks_accordion_ie_support":"","_eb_attr":"","_uag_custom_page_level_css":"","advgb_blocks_editor_width":"","advgb_blocks_columns_visual_guide":"","_themeisle_gutenberg_block_has_review":false,"footnotes":""},"class_list":["post-62","page","type-page","status-publish","hentry"],"featured_image_src":null,"uagb_featured_image_src":{"full":false,"thumbnail":false,"medium":false,"medium_large":false,"large":false,"1536x1536":false,"2048x2048":false,"ashe-slider-grid-thumbnail":false,"ashe-full-thumbnail":false,"ashe-grid-thumbnail":false,"ashe-list-thumbnail":false,"ashe-single-navigation":false},"uagb_author_info":{"display_name":"danni","author_link":"https:\/\/neubachverlag.de\/?author=1"},"uagb_comment_info":0,"uagb_excerpt":null,"coauthors":[],"author_meta":{"author_link":"https:\/\/neubachverlag.de\/?author=1","display_name":"danni"},"relative_dates":{"created":"Posted 3\u00a0Jahren ago","modified":"Updated 3\u00a0Jahren ago"},"absolute_dates":{"created":"Posted on 14. M\u00e4rz 2023","modified":"Updated on 14. M\u00e4rz 2023"},"absolute_dates_time":{"created":"Posted on 14. M\u00e4rz 2023 10:22","modified":"Updated on 14. M\u00e4rz 2023 10:53"},"featured_img_caption":"","featured_img":false,"series_order":"","acf":[],"_links":{"self":[{"href":"https:\/\/neubachverlag.de\/index.php?rest_route=\/wp\/v2\/pages\/62","targetHints":{"allow":["GET"]}}],"collection":[{"href":"https:\/\/neubachverlag.de\/index.php?rest_route=\/wp\/v2\/pages"}],"about":[{"href":"https:\/\/neubachverlag.de\/index.php?rest_route=\/wp\/v2\/types\/page"}],"author":[{"embeddable":true,"href":"https:\/\/neubachverlag.de\/index.php?rest_route=\/wp\/v2\/users\/1"}],"replies":[{"embeddable":true,"href":"https:\/\/neubachverlag.de\/index.php?rest_route=%2Fwp%2Fv2%2Fcomments&post=62"}],"version-history":[{"count":6,"href":"https:\/\/neubachverlag.de\/index.php?rest_route=\/wp\/v2\/pages\/62\/revisions"}],"predecessor-version":[{"id":71,"href":"https:\/\/neubachverlag.de\/index.php?rest_route=\/wp\/v2\/pages\/62\/revisions\/71"}],"wp:attachment":[{"href":"https:\/\/neubachverlag.de\/index.php?rest_route=%2Fwp%2Fv2%2Fmedia&parent=62"}],"curies":[{"name":"wp","href":"https:\/\/api.w.org\/{rel}","templated":true}]}}