{"id":7,"date":"2023-02-18T10:36:50","date_gmt":"2023-02-18T10:36:50","guid":{"rendered":"https:\/\/neubachverlag.de\/?page_id=7"},"modified":"2025-06-10T10:09:29","modified_gmt":"2025-06-10T10:09:29","slug":"herzlich-willkommen","status":"publish","type":"page","link":"https:\/\/neubachverlag.de\/","title":{"rendered":"Home"},"content":{"rendered":"\n<p style=\"font-size:20px\" class=\"advgb-dyn-3b0b56d0\">Herzlich willkommen<\/p>\n\n\n\n<p style=\"font-size:20px\" class=\"advgb-dyn-3b7f7ab6\">auf der Homepage des Neubachverlags. <\/p>\n\n\n\n<p style=\"font-size:20px\">Der Neubachverlag ist ein neuentstandener Verlag im Bereich Kinder- und Jugendbuch.<\/p>\n\n\n\n<p style=\"font-size:20px\">Kinder sind unsere Zukunft. Sie entdecken die Welt noch mit ganz anderen Augen und was gibt es Sch\u00f6neres, als in strahlende Kinderaugen zu sehen?<br>Je \u00e4lter sie werden, umso mehr fangen sie an, Dinge zu hinterfragen, neue Welten f\u00fcr sich zu entdecken und sich selbst zu finden.<\/p>\n\n\n\n<p style=\"font-size:20px\">Wir, der Neubachverlag, wollen unsere Leser in eben diese neuen Welten entf\u00fchren, sie zum Schmunzeln, zum Weinen, zum Lachen und zum Nachdenken bringen. Wir m\u00f6chten sie auf ihrem Weg ins Erwachsenenalter begleiten und ihnen zeigen, wie sch\u00f6n es sein kann, ein tolles Buch zu lesen.<\/p>\n\n\n\n<p style=\"font-size:20px\">Nach der Kinderzeit kommt f\u00fcr jeden die schwerste Zeit: Der Weg vom Kind zum Erwachsenen. Dann hei\u00dft es, seine Identit\u00e4t zu finden und sich mit Dingen auseinanderzusetzen, die nicht immer ganz einfach sind. Auch f\u00fcr dieses Alter, gibt es Geschichten, die einem dabei helfen k\u00f6nnen. Geschichten, die einen in andere Welten eintauchen lassen und ganz neue M\u00f6glichkeiten zeigen.<\/p>\n\n\n\n<p style=\"font-size:20px\">Wir m\u00f6chten f\u00fcr alle Altersgruppen da sein, denn wir wollen niemanden vergessen. Wir freuen uns, dass ihr uns besucht und w\u00fcnschen euch viel Spa\u00df beim St\u00f6bern.<\/p>\n\n\n\n<p style=\"font-size:20px\"><strong>Und nun noch etwas in eigener Sache:<\/strong><\/p>\n\n\n\n<p class=\"has-text-align-left\" style=\"font-size:20px\"><strong><span style=\"color: #fcb900;\" class=\"stk-highlight\">Leider ist unser Shopbereich f\u00fcr Privatkunden momentan nicht erreichbar, deshalb nutzen  Sie bitte das Bestellformular.<\/span><\/strong><\/p>\n\n\n\n<p style=\"font-size:20px\">Ihr habt Interesse an einer Lesung in Eurer Einrichtung, dann wendet Euch ruhig an uns. Entweder \u00fcber das Kontaktformular oder direkt \u00fcber <a href=\"mailto:kontakt@neubachverlag.de\">kontakt@neubachverlag.de<\/a>.<\/p>\n\n\n\n<div class=\"wp-block-columns is-layout-flex wp-container-core-columns-is-layout-9d6595d7 wp-block-columns-is-layout-flex\">\n<div class=\"wp-block-column is-layout-flow wp-block-column-is-layout-flow\">\n<hr class=\"wp-block-separator has-alpha-channel-opacity is-style-dots\"\/>\n<\/div>\n<\/div>\n\n\n\n<div class=\"wp-block-columns is-layout-flex wp-container-core-columns-is-layout-9d6595d7 wp-block-columns-is-layout-flex\">\n<div class=\"wp-block-column is-layout-flow wp-block-column-is-layout-flow\"><\/div>\n\n\n\n<div class=\"wp-block-column is-layout-flow wp-block-column-is-layout-flow\"><\/div>\n\n\n\n<div class=\"wp-block-column is-layout-flow wp-block-column-is-layout-flow\">\n<h4 class=\"wp-block-heading\">Anmeldung zum Newsletter<\/h4>\n\n\n\n<div style=\"padding:20px\" class=\"wp-block-tnp-minimal\"><p><\/p><div><div class=\"tnp tnp-subscription-minimal  \"><form action=\"https:\/\/neubachverlag.de\/wp-admin\/admin-ajax.php?action=tnp&amp;na=s\" method=\"post\" style=\"text-align: center\"><input type=\"hidden\" name=\"nr\" value=\"minimal\">\n<input type=\"hidden\" name=\"nlang\" value=\"\">\n<input class=\"tnp-email\" type=\"email\" required name=\"ne\" value=\"\" placeholder=\"Email\"><input class=\"tnp-submit\" type=\"submit\" value=\"Abonnieren\" style=\"\">\n<\/form><\/div>\n<\/div><\/div>\n<\/div>\n<\/div>\n","protected":false},"excerpt":{"rendered":"<p>Herzlich willkommen auf der Homepage des Neubachverlags. Der Neubachverlag ist ein neuentstandener Verlag im Bereich Kinder- und Jugendbuch. Kinder sind unsere Zukunft. Sie entdecken die Welt noch mit ganz anderen Augen und was gibt es Sch\u00f6neres, als in strahlende Kinderaugen zu sehen?Je \u00e4lter sie werden, umso mehr fangen sie an, Dinge zu hinterfragen, neue Welten f\u00fcr sich zu entdecken und sich selbst zu finden. Wir, der Neubachverlag, wollen unsere Leser in eben diese neuen Welten entf\u00fchren, sie zum Schmunzeln, zum Weinen, zum Lachen und zum Nachdenken bringen. Wir m\u00f6chten sie auf ihrem Weg ins Erwachsenenalter begleiten und ihnen zeigen, wie sch\u00f6n es sein kann, ein tolles Buch zu lesen. Nach der Kinderzeit kommt f\u00fcr jeden die schwerste Zeit: Der Weg vom Kind zum Erwachsenen. Dann hei\u00dft es, seine Identit\u00e4t zu finden und sich mit Dingen auseinanderzusetzen, die nicht immer ganz einfach sind. Auch f\u00fcr dieses Alter, gibt es Geschichten, die einem dabei helfen k\u00f6nnen. Geschichten, die einen in andere Welten eintauchen lassen und ganz neue M\u00f6glichkeiten zeigen. Wir m\u00f6chten f\u00fcr alle Altersgruppen da sein, denn wir wollen niemanden vergessen. Wir freuen uns, dass ihr uns besucht und w\u00fcnschen euch viel Spa\u00df beim St\u00f6bern. Und nun noch etwas in eigener Sache: Leider ist unser Shopbereich f\u00fcr Privatkunden momentan nicht erreichbar, deshalb nutzen Sie bitte das Bestellformular. Ihr habt Interesse an einer Lesung in Eurer Einrichtung, dann wendet Euch ruhig an uns. Entweder \u00fcber das Kontaktformular oder direkt \u00fcber kontakt@neubachverlag.de. Anmeldung zum Newsletter<\/p>\n","protected":false},"author":1,"featured_media":0,"parent":0,"menu_order":0,"comment_status":"closed","ping_status":"closed","template":"","meta":{"ub_ctt_via":"","_coblocks_attr":"Times New Roman","_coblocks_dimensions":"","_coblocks_responsive_height":"","_coblocks_accordion_ie_support":"","_eb_attr":"","_uag_custom_page_level_css":"","advgb_blocks_editor_width":"default","advgb_blocks_columns_visual_guide":"","_themeisle_gutenberg_block_has_review":false,"footnotes":""},"class_list":["post-7","page","type-page","status-publish","hentry"],"featured_image_src":null,"uagb_featured_image_src":{"full":false,"thumbnail":false,"medium":false,"medium_large":false,"large":false,"1536x1536":false,"2048x2048":false,"ashe-slider-grid-thumbnail":false,"ashe-full-thumbnail":false,"ashe-grid-thumbnail":false,"ashe-list-thumbnail":false,"ashe-single-navigation":false},"uagb_author_info":{"display_name":"danni","author_link":"https:\/\/neubachverlag.de\/?author=1"},"uagb_comment_info":0,"uagb_excerpt":"Herzlich willkommen auf der Homepage des Neubachverlags. Der Neubachverlag ist ein neuentstandener Verlag im Bereich Kinder- und Jugendbuch. Kinder sind unsere Zukunft. Sie entdecken die Welt noch mit ganz anderen Augen und was gibt es Sch\u00f6neres, als in strahlende Kinderaugen zu sehen?Je \u00e4lter sie werden, umso mehr fangen sie an, Dinge zu hinterfragen, neue Welten&hellip;","coauthors":[],"author_meta":{"author_link":"https:\/\/neubachverlag.de\/?author=1","display_name":"danni"},"relative_dates":{"created":"Posted 3\u00a0Jahren ago","modified":"Updated 11\u00a0Monaten ago"},"absolute_dates":{"created":"Posted on 18. Februar 2023","modified":"Updated on 10. Juni 2025"},"absolute_dates_time":{"created":"Posted on 18. Februar 2023 10:36","modified":"Updated on 10. Juni 2025 10:09"},"featured_img_caption":"","featured_img":false,"series_order":"","acf":[],"_links":{"self":[{"href":"https:\/\/neubachverlag.de\/index.php?rest_route=\/wp\/v2\/pages\/7","targetHints":{"allow":["GET"]}}],"collection":[{"href":"https:\/\/neubachverlag.de\/index.php?rest_route=\/wp\/v2\/pages"}],"about":[{"href":"https:\/\/neubachverlag.de\/index.php?rest_route=\/wp\/v2\/types\/page"}],"author":[{"embeddable":true,"href":"https:\/\/neubachverlag.de\/index.php?rest_route=\/wp\/v2\/users\/1"}],"replies":[{"embeddable":true,"href":"https:\/\/neubachverlag.de\/index.php?rest_route=%2Fwp%2Fv2%2Fcomments&post=7"}],"version-history":[{"count":33,"href":"https:\/\/neubachverlag.de\/index.php?rest_route=\/wp\/v2\/pages\/7\/revisions"}],"predecessor-version":[{"id":1049,"href":"https:\/\/neubachverlag.de\/index.php?rest_route=\/wp\/v2\/pages\/7\/revisions\/1049"}],"wp:attachment":[{"href":"https:\/\/neubachverlag.de\/index.php?rest_route=%2Fwp%2Fv2%2Fmedia&parent=7"}],"curies":[{"name":"wp","href":"https:\/\/api.w.org\/{rel}","templated":true}]}}