{"id":77,"date":"2023-03-14T11:29:19","date_gmt":"2023-03-14T11:29:19","guid":{"rendered":"https:\/\/neubachverlag.de\/?page_id=77"},"modified":"2026-01-19T10:14:06","modified_gmt":"2026-01-19T10:14:06","slug":"manuskripteinsendungen","status":"publish","type":"page","link":"https:\/\/neubachverlag.de\/?page_id=77","title":{"rendered":"Manuskripteinsendungen"},"content":{"rendered":"\n<h5 class=\"wp-block-heading alignwide has-text-align-center has-25-font-size\"> Kinder- und Jugendb\u00fccher werden unaufgefordert nicht mehr angenommen, da wir bereits genug Bestandsautoren in diesen Bereichen haben. F\u00fcr 2026\/2027 ist auch der Belletristikbereich bereits vollst\u00e4ndig abgedeckt bereits. Alle jetzt unaufgefordert eingereichten Manuskripte k\u00f6nnen nicht mehr bearbeitet werden. Sobald wir wieder Manuskripte annehmen, werden wir das fr\u00fchzeitig ank\u00fcndigen. Daf\u00fcr schon einmal hier unser kleiner Leitfaden:<\/h5>\n\n\n\n<ol class=\"wp-block-list\">\n<li>Expos\u00e9 (Detaillierter Verlauf der Geschichte (kein Cliffh\u00e4nger), h\u00f6chsten 1 1\/2 DIN-A4-Seiten), bitte die Wortanzahl des gesamten Skrips mit angeben (Bitte als PDF).<\/li>\n\n\n\n<li>Probekapitel max. 20 Seiten (ohne jegliche Formatierung,  Times New Roman 12 Pt), bei Kinderb\u00fcchern Manuskript nur auf Anfrage.<\/li>\n\n\n\n<li>Autorenvita<\/li>\n\n\n\n<li>Wenn es zu einer Aufforderung der Manuskripteinsendung unsererseits kommt, bitte alle Formatvorlagen und Formatierungen entfernen.<\/li>\n\n\n\n<li>Geschichten, die bereits bei Storyban, Wattpad o. \u00c4. ver\u00f6ffentlicht wurden, sind f\u00fcr uns uninteressant und werden nicht gepr\u00fcft.<\/li>\n\n\n\n<li>In der Regel dauert die Pr\u00fcfung in etwa sechs Monate.<\/li>\n\n\n\n<li>Wir nehmen keine Erwachsenenliteratur, Lyrik, Horror und Erotik an. Deshalb bitten wir Euch, von Manuskripteinsendungen  in diesen Genres abzusehen.<\/li>\n\n\n\n<li>Es werden Grundkenntnisse im Umgang mit Word oder Papyrus vorausgesetzt. Wir nehmen keine anderen Dateien als &#8230;docx, &#8230;doc, &#8230;pup<\/li>\n<\/ol>\n\n\n\n<h5 class=\"wp-block-heading has-text-align-center\">Wir freuen uns auf Eure Einsendungen.<\/h5>\n","protected":false},"excerpt":{"rendered":"<p>Kinder- und Jugendb\u00fccher werden unaufgefordert nicht mehr angenommen, da wir bereits genug Bestandsautoren in diesen Bereichen haben. F\u00fcr 2026\/2027 ist auch der Belletristikbereich bereits vollst\u00e4ndig abgedeckt bereits. Alle jetzt unaufgefordert eingereichten Manuskripte k\u00f6nnen nicht mehr bearbeitet werden. Sobald wir wieder Manuskripte annehmen, werden wir das fr\u00fchzeitig ank\u00fcndigen. Daf\u00fcr schon einmal hier unser kleiner Leitfaden: Wir freuen uns auf Eure Einsendungen.<\/p>\n","protected":false},"author":1,"featured_media":0,"parent":0,"menu_order":0,"comment_status":"closed","ping_status":"closed","template":"","meta":{"ub_ctt_via":"","_coblocks_attr":"","_coblocks_dimensions":"","_coblocks_responsive_height":"","_coblocks_accordion_ie_support":"","_eb_attr":"","_uag_custom_page_level_css":"","advgb_blocks_editor_width":"","advgb_blocks_columns_visual_guide":"","_themeisle_gutenberg_block_has_review":false,"footnotes":""},"class_list":["post-77","page","type-page","status-publish","hentry"],"featured_image_src":null,"uagb_featured_image_src":{"full":false,"thumbnail":false,"medium":false,"medium_large":false,"large":false,"1536x1536":false,"2048x2048":false,"ashe-slider-grid-thumbnail":false,"ashe-full-thumbnail":false,"ashe-grid-thumbnail":false,"ashe-list-thumbnail":false,"ashe-single-navigation":false},"uagb_author_info":{"display_name":"danni","author_link":"https:\/\/neubachverlag.de\/?author=1"},"uagb_comment_info":0,"uagb_excerpt":"Kinder- und Jugendb\u00fccher werden unaufgefordert nicht mehr angenommen, da wir bereits genug Bestandsautoren in diesen Bereichen haben. F\u00fcr 2026\/2027 ist auch der Belletristikbereich bereits vollst\u00e4ndig abgedeckt bereits. Alle jetzt unaufgefordert eingereichten Manuskripte k\u00f6nnen nicht mehr bearbeitet werden. Sobald wir wieder Manuskripte annehmen, werden wir das fr\u00fchzeitig ank\u00fcndigen. Daf\u00fcr schon einmal hier unser kleiner Leitfaden: Wir&hellip;","coauthors":[],"author_meta":{"author_link":"https:\/\/neubachverlag.de\/?author=1","display_name":"danni"},"relative_dates":{"created":"Posted 3\u00a0Jahren ago","modified":"Updated 3\u00a0Monaten ago"},"absolute_dates":{"created":"Posted on 14. M\u00e4rz 2023","modified":"Updated on 19. Januar 2026"},"absolute_dates_time":{"created":"Posted on 14. M\u00e4rz 2023 11:29","modified":"Updated on 19. Januar 2026 10:14"},"featured_img_caption":"","featured_img":false,"series_order":"","acf":[],"_links":{"self":[{"href":"https:\/\/neubachverlag.de\/index.php?rest_route=\/wp\/v2\/pages\/77","targetHints":{"allow":["GET"]}}],"collection":[{"href":"https:\/\/neubachverlag.de\/index.php?rest_route=\/wp\/v2\/pages"}],"about":[{"href":"https:\/\/neubachverlag.de\/index.php?rest_route=\/wp\/v2\/types\/page"}],"author":[{"embeddable":true,"href":"https:\/\/neubachverlag.de\/index.php?rest_route=\/wp\/v2\/users\/1"}],"replies":[{"embeddable":true,"href":"https:\/\/neubachverlag.de\/index.php?rest_route=%2Fwp%2Fv2%2Fcomments&post=77"}],"version-history":[{"count":14,"href":"https:\/\/neubachverlag.de\/index.php?rest_route=\/wp\/v2\/pages\/77\/revisions"}],"predecessor-version":[{"id":1121,"href":"https:\/\/neubachverlag.de\/index.php?rest_route=\/wp\/v2\/pages\/77\/revisions\/1121"}],"wp:attachment":[{"href":"https:\/\/neubachverlag.de\/index.php?rest_route=%2Fwp%2Fv2%2Fmedia&parent=77"}],"curies":[{"name":"wp","href":"https:\/\/api.w.org\/{rel}","templated":true}]}}