{"id":860,"date":"2024-10-23T08:07:53","date_gmt":"2024-10-23T08:07:53","guid":{"rendered":"https:\/\/neubachverlag.de\/?page_id=860"},"modified":"2026-03-16T08:50:36","modified_gmt":"2026-03-16T08:50:36","slug":"marie-luise-von-stevani","status":"publish","type":"page","link":"https:\/\/neubachverlag.de\/?page_id=860","title":{"rendered":"Marie Luise von Stevani\/Maja Simon\/Maike Johnke"},"content":{"rendered":"\n<div class=\"wp-block-uagb-container uagb-block-96b98f05 alignfull uagb-is-root-container\"><div class=\"uagb-container-inner-blocks-wrap\">\n<div class=\"wp-block-uagb-container uagb-block-f07ae220\">\n<div class=\"wp-block-uagb-image aligncenter uagb-block-318cd8d8 wp-block-uagb-image--layout-overlay wp-block-uagb-image--effect-static wp-block-uagb-image--align-center\"><figure class=\"wp-block-uagb-image__figure\"><a class=\"\" href=\"https:\/\/neubachverlag.sumupstore.com\/produkt\/hexenblut-die-welt-in-finsternis\" target=\"_blank\" rel=\"noreferrer noopener\"><img decoding=\"async\" srcset=\"https:\/\/neubachverlag.de\/wp-content\/uploads\/2026\/03\/Hexenblut2_Cover_vorne-210x300.jpg ,https:\/\/neubachverlag.de\/wp-content\/uploads\/2026\/03\/Hexenblut2_Cover_vorne.jpg 780w, https:\/\/neubachverlag.de\/wp-content\/uploads\/2026\/03\/Hexenblut2_Cover_vorne.jpg 360w\" sizes=\"auto, (max-width: 480px) 150px\" src=\"https:\/\/neubachverlag.de\/wp-content\/uploads\/2026\/03\/Hexenblut2_Cover_vorne-210x300.jpg\" alt=\"\" class=\"uag-image-1148\" width=\"210\" height=\"300\" title=\"Hexenblut2_Cover_vorne\" loading=\"lazy\" role=\"img\"\/><\/a><div class=\"wp-block-uagb-image--layout-overlay__color-wrapper\"><\/div><div class=\"wp-block-uagb-image--layout-overlay__inner center-center\"><a class=\"wp-block-uagb-image--layout-overlay-link \" href=\"https:\/\/neubachverlag.sumupstore.com\/produkt\/hexenblut-die-welt-in-finsternis\" target=\"_blank\" rel=\"noreferrer noopener\"><\/a><figcaption class=\"uagb-image-caption\">zur Bestellung<\/figcaption><\/div><\/figure><\/div>\n\n\n\n<div class=\"wp-block-uagb-buttons uagb-buttons__outer-wrap uagb-btn__default-btn uagb-btn-tablet__default-btn uagb-btn-mobile__default-btn uagb-block-212f5b17\"><div class=\"uagb-buttons__wrap uagb-buttons-layout-wrap \">\n<div class=\"wp-block-uagb-buttons-child uagb-buttons__outer-wrap uagb-block-720e5f59 wp-block-button\"><div class=\"uagb-button__wrapper\"><a class=\"uagb-buttons-repeater wp-block-button__link\" aria-label=\"\" href=\"https:\/\/neubachverlag.sumupstore.com\/produkt\/hexenblut-die-welt-in-finsternis\" rel=\"follow noopener\" target=\"_blank\" role=\"button\"><div class=\"uagb-button__link\">zur Bestellung<\/div><\/a><\/div><\/div>\n<\/div><\/div>\n<\/div>\n\n\n\n<div class=\"wp-block-uagb-container uagb-block-f761bd50\">\n<h2 class=\"wp-block-heading has-text-align-center\"><span style=\"color: #cf2e2e;\" class=\"stk-highlight\">Neu<\/span><\/h2>\n\n\n\n<p>Die Welt liegt in Tr\u00fcmmern. W\u00e4hrend Priya zusammen mit Asmodeus in eine andere Dimension verschwunden ist, versuchen Rhonda und Joshua den Widerstand aufrecht zu erhalten. Sie findet neue Verb\u00fcndete und muss gro\u00dfe Opfer erbringen. Erst als sich eine neuer Hexenzirkel zusammenfindet, scheint es wieder ein klein wenig Hoffnung zu geben. Zusammen beschlie\u00dfen sie Priya aus den F\u00e4ngen des B\u00f6sen zu befreien. Doch k\u00f6nnen Asmodeus Pl\u00e4ne \u00fcberhaupt noch durchkreuzt werden und welche Rolle spielt dabei Priyas Baby? Die Antworten auf ihre Fragen erhoffen sie sich in Drakonia. So beginnt f\u00fcr sie eine Reise ins Ungewisse, von der sie nicht wissen, ob sie nicht zu einem Himmelfahrtskommando wird.<\/p>\n\n\n\n<p>Als eBook f\u00fcr 4,99\u20ac<\/p>\n\n\n\n<p>Als Print mit der ISBN: <strong>&nbsp;<\/strong>9783989149373 13,90\u20ac<\/p>\n<\/div>\n<\/div><\/div>\n\n\n\n<hr class=\"wp-block-separator has-alpha-channel-opacity\"\/>\n\n\n\n<div class=\"wp-block-uagb-container uagb-block-dd4f9baa alignfull uagb-is-root-container\"><div class=\"uagb-container-inner-blocks-wrap\">\n<div class=\"wp-block-uagb-container uagb-block-89bf5d78\">\n<div class=\"wp-block-uagb-image aligncenter uagb-block-a1657d42 wp-block-uagb-image--layout-overlay wp-block-uagb-image--effect-static wp-block-uagb-image--align-center\"><figure class=\"wp-block-uagb-image__figure\"><a class=\"\" href=\"https:\/\/neubachverlag.sumupstore.com\/produkt\/agentin-uhus-abenteuerliche-missionen-frau-uhu-rettet-weihnachten\" target=\"_blank\" rel=\"noreferrer noopener\"><img decoding=\"async\" srcset=\"https:\/\/neubachverlag.de\/wp-content\/uploads\/2025\/12\/Cover-Titel-199x300.jpg ,https:\/\/neubachverlag.de\/wp-content\/uploads\/2025\/12\/Cover-Titel-scaled.jpg 780w, https:\/\/neubachverlag.de\/wp-content\/uploads\/2025\/12\/Cover-Titel-scaled.jpg 360w\" sizes=\"auto, (max-width: 480px) 150px\" src=\"https:\/\/neubachverlag.de\/wp-content\/uploads\/2025\/12\/Cover-Titel-199x300.jpg\" alt=\"\" class=\"uag-image-1101\" width=\"199\" height=\"300\" title=\"Cover - Titel\" loading=\"lazy\" role=\"img\"\/><\/a><div class=\"wp-block-uagb-image--layout-overlay__color-wrapper\"><\/div><div class=\"wp-block-uagb-image--layout-overlay__inner center-center\"><a class=\"wp-block-uagb-image--layout-overlay-link \" href=\"https:\/\/neubachverlag.sumupstore.com\/produkt\/agentin-uhus-abenteuerliche-missionen-frau-uhu-rettet-weihnachten\" target=\"_blank\" rel=\"noreferrer noopener\"><\/a><figcaption class=\"uagb-image-caption\">zur Bestellung<\/figcaption><\/div><\/figure><\/div>\n\n\n\n<div class=\"wp-block-uagb-buttons uagb-buttons__outer-wrap uagb-btn__default-btn uagb-btn-tablet__default-btn uagb-btn-mobile__default-btn uagb-block-a893b044\"><div class=\"uagb-buttons__wrap uagb-buttons-layout-wrap \">\n<div class=\"wp-block-uagb-buttons-child uagb-buttons__outer-wrap uagb-block-9695d7dc wp-block-button\"><div class=\"uagb-button__wrapper\"><a class=\"uagb-buttons-repeater wp-block-button__link\" aria-label=\"\" href=\"https:\/\/neubachverlag.sumupstore.com\/produkt\/agentin-uhus-abenteuerliche-missionen-frau-uhu-rettet-weihnachten\" rel=\"follow noopener\" target=\"_blank\" role=\"button\"><div class=\"uagb-button__link\">zur Bestellung<\/div><\/a><\/div><\/div>\n<\/div><\/div>\n<\/div>\n\n\n\n<div class=\"wp-block-uagb-container uagb-block-eff54763\">\n<h2 class=\"wp-block-heading has-text-align-center\"><span style=\"color: #cf2e2e;\" class=\"stk-highlight\">Neu<\/span><\/h2>\n\n\n\n<p>Aufregung am Nordpol: Der Weihnachtsmann ist entf\u00fchrt worden. Kein Zweifel: Das ist ein Fall f\u00fcr Frau Uhu und ihr Team von der Agentenvereinigung &#8222;Flugvogel&#8220; Dieses wundersch\u00f6n gestaltete Kinderbuch beinhaltet mehrere Weihnachtsgeschichten: Ein grimmiger Wolf wird von Weihnachten \u00fcberzeugt, ein kleiner Drache hilft dem Weihnachtsmann in Not, und eine Spinne verkauft ihre kunstvoll gesponnenen Waren auf dem Weihnachtsmarkt. Dazu gibt es Malspa\u00df und das Rezept f\u00fcr Herrn Spechts Lieblingspl\u00e4tzchen.<\/p>\n\n\n\n<p>Als Print mit der ISBN: <strong>&nbsp;<\/strong>9783989149380 15,90\u20ac<\/p>\n<\/div>\n<\/div><\/div>\n\n\n\n<hr class=\"wp-block-separator has-alpha-channel-opacity\"\/>\n\n\n\n<div class=\"wp-block-uagb-container uagb-block-3a16319b alignfull uagb-is-root-container\"><div class=\"uagb-container-inner-blocks-wrap\">\n<div class=\"wp-block-uagb-container uagb-block-08b957b7\">\n<div class=\"wp-block-uagb-image aligncenter uagb-block-c7621de7 wp-block-uagb-image--layout-overlay wp-block-uagb-image--effect-static wp-block-uagb-image--align-center\"><figure class=\"wp-block-uagb-image__figure\"><a class=\"\" href=\"https:\/\/neubachverlag.sumupstore.com\/produkt\/hexenblut-das-relikt-der-ahnin\" target=\"_blank\" rel=\"noreferrer noopener\"><img decoding=\"async\" srcset=\"https:\/\/neubachverlag.de\/wp-content\/uploads\/2025\/03\/das-Relikt-der-Ahnin_vorne-189x300.jpg ,https:\/\/neubachverlag.de\/wp-content\/uploads\/2025\/03\/das-Relikt-der-Ahnin_vorne.jpg 780w, https:\/\/neubachverlag.de\/wp-content\/uploads\/2025\/03\/das-Relikt-der-Ahnin_vorne.jpg 360w\" sizes=\"auto, (max-width: 480px) 150px\" src=\"https:\/\/neubachverlag.de\/wp-content\/uploads\/2025\/03\/das-Relikt-der-Ahnin_vorne-189x300.jpg\" alt=\"\" class=\"uag-image-964\" width=\"189\" height=\"300\" title=\"das Relikt der Ahnin_vorne\" loading=\"lazy\" role=\"img\"\/><\/a><div class=\"wp-block-uagb-image--layout-overlay__color-wrapper\"><\/div><div class=\"wp-block-uagb-image--layout-overlay__inner center-center\"><a class=\"wp-block-uagb-image--layout-overlay-link \" href=\"https:\/\/neubachverlag.sumupstore.com\/produkt\/hexenblut-das-relikt-der-ahnin\" target=\"_blank\" rel=\"noreferrer noopener\"><\/a><figcaption class=\"uagb-image-caption\">zur Bestellung<\/figcaption><\/div><\/figure><\/div>\n\n\n\n<div class=\"wp-block-uagb-buttons uagb-buttons__outer-wrap uagb-btn__default-btn uagb-btn-tablet__default-btn uagb-btn-mobile__default-btn uagb-block-d7f1d511\"><div class=\"uagb-buttons__wrap uagb-buttons-layout-wrap \">\n<div class=\"wp-block-uagb-buttons-child uagb-buttons__outer-wrap uagb-block-a99b701e wp-block-button\"><div class=\"uagb-button__wrapper\"><a class=\"uagb-buttons-repeater wp-block-button__link\" aria-label=\"\" href=\"https:\/\/neubachverlag.sumupstore.com\/produkt\/hexenblut-das-relikt-der-ahnin\" rel=\"follow noopener\" target=\"_blank\" role=\"button\"><div class=\"uagb-button__link\">zur Bestellung<\/div><\/a><\/div><\/div>\n<\/div><\/div>\n<\/div>\n\n\n\n<div class=\"wp-block-uagb-container uagb-block-c6ac56b6\">\n<p>Priya Kobold ist die Nachfahrin einer m\u00e4chtigen Hexe, die die Aufgabe hatte, ein Relikt zu bewachen.<br>Im Laufe der Zeit ging allerdings das Relikt und das alte Wissen \u00fcber Magie verloren.<br>Als ihr er\u00f6ffnet wird, dass sie die Auserw\u00e4hlte ist, die das Erbe der Hexe antreten soll, ist sie zun\u00e4chst verwirrt.<br>Doch das B\u00f6se nimmt darauf keine R\u00fccksicht. Es ist ebenfalls am Relikt interessiert und ihr auf den Fersen.<br>Ein Wettlauf mit der Zeit beginnt, der \u00fcber das Schicksal der gesamten Welt entscheiden wird.<\/p>\n\n\n\n<p>Als eBook f\u00fcr 4,99\u20ac<\/p>\n\n\n\n<p>Als Print mit der ISBN: <strong>&nbsp;<\/strong>9783989149434 15,90\u20ac<\/p>\n<\/div>\n<\/div><\/div>\n\n\n\n<hr class=\"wp-block-separator has-alpha-channel-opacity\"\/>\n\n\n\n<div class=\"wp-block-uagb-container uagb-block-916f4bdf alignfull uagb-is-root-container\"><div class=\"uagb-container-inner-blocks-wrap\">\n<div class=\"wp-block-uagb-container uagb-block-53c8db01\">\n<div class=\"wp-block-uagb-image aligncenter uagb-block-5237eddb wp-block-uagb-image--layout-overlay wp-block-uagb-image--effect-static wp-block-uagb-image--align-center\"><figure class=\"wp-block-uagb-image__figure\"><a class=\"\" href=\"https:\/\/neubachverlag.sumupstore.com\/produkt\/agentin-uhus-abenteuerliche-missionen-spuk-im-rathaus\" target=\"_blank\" rel=\"noreferrer noopener\"><img decoding=\"async\" srcset=\"https:\/\/neubachverlag.de\/wp-content\/uploads\/2025\/03\/Agentin-Uhu-vorne-675x1024.jpg ,https:\/\/neubachverlag.de\/wp-content\/uploads\/2025\/03\/Agentin-Uhu-vorne.jpg 780w, https:\/\/neubachverlag.de\/wp-content\/uploads\/2025\/03\/Agentin-Uhu-vorne.jpg 360w\" sizes=\"auto, (max-width: 480px) 150px\" src=\"https:\/\/neubachverlag.de\/wp-content\/uploads\/2025\/03\/Agentin-Uhu-vorne-675x1024.jpg\" alt=\"\" class=\"uag-image-965\" width=\"200\" height=\"300\" title=\"Agentin Uhu vorne\" loading=\"lazy\" role=\"img\"\/><\/a><div class=\"wp-block-uagb-image--layout-overlay__color-wrapper\"><\/div><div class=\"wp-block-uagb-image--layout-overlay__inner center-center\"><a class=\"wp-block-uagb-image--layout-overlay-link \" href=\"https:\/\/neubachverlag.sumupstore.com\/produkt\/agentin-uhus-abenteuerliche-missionen-spuk-im-rathaus\" target=\"_blank\" rel=\"noreferrer noopener\"><\/a><figcaption class=\"uagb-image-caption\">zur Bestellung<\/figcaption><\/div><\/figure><\/div>\n\n\n\n<div class=\"wp-block-uagb-buttons uagb-buttons__outer-wrap uagb-btn__default-btn uagb-btn-tablet__default-btn uagb-btn-mobile__default-btn uagb-block-855a6dd8\"><div class=\"uagb-buttons__wrap uagb-buttons-layout-wrap \">\n<div class=\"wp-block-uagb-buttons-child uagb-buttons__outer-wrap uagb-block-4969d206 wp-block-button\"><div class=\"uagb-button__wrapper\"><a class=\"uagb-buttons-repeater wp-block-button__link\" aria-label=\"\" href=\"https:\/\/neubachverlag.sumupstore.com\/produkt\/agentin-uhus-abenteuerliche-missionen-spuk-im-rathaus\" rel=\"follow noopener\" target=\"_blank\" role=\"button\"><div class=\"uagb-button__link\">zur Bestellung<\/div><\/a><\/div><\/div>\n<\/div><\/div>\n<\/div>\n\n\n\n<div class=\"wp-block-uagb-container uagb-block-c6353f59\">\n<p>Die Rathausuhr des St\u00e4dtchens Pfauental scheint pl\u00f6tzlich kaputt zu sein, denn sie schl\u00e4gt nicht mehr. Gigi das Gespenst wird deshalb nicht mehr rechtzeitig geweckt. Verzweifelt bitte Gigi Frau Uhu um Hilfe. K\u00f6nnte es sich um eine Intrige des eitlen B\u00fcrgermeisters Pfau handeln, der das Gespenst nicht leiden kann? Frau Uhu und die Agenten der Vereinigung Flugvogel nehmen die Ermittlungen auf.<\/p>\n\n\n\n<p>Als Print mit der ISBN: <strong>&nbsp;<\/strong>978-3989149465 13,90\u20ac<\/p>\n<\/div>\n<\/div><\/div>\n\n\n\n<div class=\"wp-block-uagb-container uagb-block-e3cbe475 alignfull uagb-is-root-container\"><div class=\"uagb-container-inner-blocks-wrap\">\n<div class=\"wp-block-uagb-container uagb-block-c228e274\">\n<div class=\"wp-block-uagb-image aligncenter uagb-block-5420ac59 wp-block-uagb-image--layout-overlay wp-block-uagb-image--effect-static wp-block-uagb-image--align-center\"><figure class=\"wp-block-uagb-image__figure\"><a class=\"\" href=\"https:\/\/neubachverlag.sumupstore.com\/produkt\/agentin-uhus-abenteuerliche-missionen-fauler-zauber-im-feenland\" target=\"_blank\" rel=\"noreferrer noopener\"><img decoding=\"async\" srcset=\"https:\/\/neubachverlag.de\/wp-content\/uploads\/2025\/06\/Fauler-Zauber-Cover-vorne-719x1024.jpg ,https:\/\/neubachverlag.de\/wp-content\/uploads\/2025\/06\/Fauler-Zauber-Cover-vorne.jpg 780w, https:\/\/neubachverlag.de\/wp-content\/uploads\/2025\/06\/Fauler-Zauber-Cover-vorne.jpg 360w\" sizes=\"auto, (max-width: 480px) 150px\" src=\"https:\/\/neubachverlag.de\/wp-content\/uploads\/2025\/06\/Fauler-Zauber-Cover-vorne-719x1024.jpg\" alt=\"\" class=\"uag-image-1058\" width=\"640\" height=\"1024\" title=\"Fauler-Zauber-Cover-vorne\" loading=\"lazy\" role=\"img\"\/><\/a><div class=\"wp-block-uagb-image--layout-overlay__color-wrapper\"><\/div><div class=\"wp-block-uagb-image--layout-overlay__inner center-center\"><a class=\"wp-block-uagb-image--layout-overlay-link \" href=\"https:\/\/neubachverlag.sumupstore.com\/produkt\/agentin-uhus-abenteuerliche-missionen-fauler-zauber-im-feenland\" target=\"_blank\" rel=\"noreferrer noopener\"><\/a><figcaption class=\"uagb-image-caption\">zur Bestellung<\/figcaption><\/div><\/figure><\/div>\n\n\n\n<div class=\"wp-block-uagb-buttons uagb-buttons__outer-wrap uagb-btn__default-btn uagb-btn-tablet__default-btn uagb-btn-mobile__default-btn uagb-block-84576578\"><div class=\"uagb-buttons__wrap uagb-buttons-layout-wrap \">\n<div class=\"wp-block-uagb-buttons-child uagb-buttons__outer-wrap uagb-block-b3991735 wp-block-button\"><div class=\"uagb-button__wrapper\"><a class=\"uagb-buttons-repeater wp-block-button__link\" aria-label=\"\" href=\"https:\/\/neubachverlag.sumupstore.com\/produkt\/agentin-uhus-abenteuerliche-missionen-fauler-zauber-im-feenland\" rel=\"follow noopener\" target=\"_blank\" role=\"button\"><div class=\"uagb-button__link\">zur Bestellung<\/div><\/a><\/div><\/div>\n<\/div><\/div>\n<\/div>\n\n\n\n<div class=\"wp-block-uagb-container uagb-block-5abb9067\">\n<p>In einem Wutanfall verwandelt die Fee Prisma ihre drei Mitsch\u00fcler in Flederm\u00e4use und l\u00e4uft davon. Nun ist guter Rat teuer. K\u00f6nigin Alegra bittet die Agentenvereinigung Flugvogel um Hilfe. Diese m\u00fcssen nicht nur die verschwundene Fee wiederfinden, sondern auch die verschiedenen Zutaten f\u00fcr ein Zauberelixier das den Fluch r\u00fcckg\u00e4ngig macht.<\/p>\n\n\n\n<p>Als Print mit der ISBN: <strong>&nbsp;<\/strong>978-3989149427 13,90\u20ac<\/p>\n<\/div>\n<\/div><\/div>\n\n\n\n<hr class=\"wp-block-separator has-alpha-channel-opacity\"\/>\n\n\n\n<div class=\"wp-block-uagb-container uagb-block-6d387614 alignfull uagb-is-root-container\"><div class=\"uagb-container-inner-blocks-wrap\">\n<div class=\"wp-block-uagb-container uagb-block-f398153c\">\n<div class=\"wp-block-uagb-image aligncenter uagb-block-1159b9dc wp-block-uagb-image--layout-overlay wp-block-uagb-image--effect-static wp-block-uagb-image--align-center\"><figure class=\"wp-block-uagb-image__figure\"><img decoding=\"async\" srcset=\"https:\/\/neubachverlag.de\/wp-content\/uploads\/2024\/10\/Kaktus-sucht-Rose_cover-ebook-196x300.jpg ,https:\/\/neubachverlag.de\/wp-content\/uploads\/2024\/10\/Kaktus-sucht-Rose_cover-ebook.jpg 780w, https:\/\/neubachverlag.de\/wp-content\/uploads\/2024\/10\/Kaktus-sucht-Rose_cover-ebook.jpg 360w\" sizes=\"auto, (max-width: 480px) 150px\" src=\"https:\/\/neubachverlag.de\/wp-content\/uploads\/2024\/10\/Kaktus-sucht-Rose_cover-ebook-196x300.jpg\" alt=\"\" class=\"uag-image-807\" width=\"196\" height=\"300\" title=\"Kaktus sucht Rose_cover ebook\" loading=\"lazy\" role=\"img\"\/><div class=\"wp-block-uagb-image--layout-overlay__color-wrapper\"><\/div><div class=\"wp-block-uagb-image--layout-overlay__inner center-center\"><figcaption class=\"uagb-image-caption\">zur Bestellung<\/figcaption><\/div><\/figure><\/div>\n\n\n\n<div class=\"wp-block-uagb-buttons uagb-buttons__outer-wrap uagb-btn__default-btn uagb-btn-tablet__default-btn uagb-btn-mobile__default-btn uagb-block-d6cc4428\"><div class=\"uagb-buttons__wrap uagb-buttons-layout-wrap \">\n<div class=\"wp-block-uagb-buttons-child uagb-buttons__outer-wrap uagb-block-31dace27 wp-block-button\"><div class=\"uagb-button__wrapper\"><a class=\"uagb-buttons-repeater wp-block-button__link\" aria-label=\"\" href=\"#\" rel=\"follow noopener\" target=\"_self\" role=\"button\"><div class=\"uagb-button__link\">zur Bestellung<\/div><\/a><\/div><\/div>\n<\/div><\/div>\n<\/div>\n\n\n\n<div class=\"wp-block-uagb-container uagb-block-4cdea1bb\">\n<p>Eigentlich ist Thomas Brenner Lauras Traumtyp. Leider ist er auch ihr Chef und \u2026 entl\u00e4sst sie. Als dann noch sein bester Freund in Lauras Nachbarappartement einzieht, scheint das Ungl\u00fcck sich nicht mehr steigern zu lassen. Doch trotz aller Versuche, Hass aufzubauen, kommt Laura irgendwann beiden n\u00e4her. Arthur, ihr neuer schwuler Kollege steht Laura immer mit freundschaftlichen Ratschl\u00e4gen zu Seite, auch als ihr pl\u00f6tzlich klar wird, dass sie schwanger ist. Doch ist der Vater auch der Richtige f\u00fcr sie? Laura stolpert durch viele Irrungen und Wirrungen des Lebens und l\u00e4sst kein Fettn\u00e4pfchen aus \u2026<\/p>\n\n\n\n<p>Als eBook 4,99\u20ac<\/p>\n\n\n\n<p>Als Print mit der ISBN: <strong>&nbsp;<\/strong>978-3-98914-945-8 14,90\u20ac<\/p>\n<\/div>\n<\/div><\/div>\n\n\n\n<hr class=\"wp-block-separator aligncenter has-alpha-channel-opacity\"\/>\n\n\n\n<div class=\"wp-block-uagb-container uagb-block-bd02a35f alignfull uagb-is-root-container\"><div class=\"uagb-container-inner-blocks-wrap\">\n<div class=\"wp-block-uagb-container uagb-block-0b569862\"><\/div>\n\n\n\n<div class=\"wp-block-uagb-container uagb-block-93bc8f09\">\n<div class=\"wp-block-uagb-buttons uagb-buttons__outer-wrap uagb-btn__default-btn uagb-btn-tablet__default-btn uagb-btn-mobile__default-btn uagb-block-e2c625ae\"><div class=\"uagb-buttons__wrap uagb-buttons-layout-wrap \">\n<div class=\"wp-block-uagb-buttons-child uagb-buttons__outer-wrap uagb-block-7c70e458 wp-block-button\"><div class=\"uagb-button__wrapper\"><a class=\"uagb-buttons-repeater wp-block-button__link\" aria-label=\"\" href=\"https:\/\/www.agentinuhu.de\" rel=\"follow noopener\" target=\"_self\" role=\"button\"><div class=\"uagb-button__link\">zu Homepage von<br>Marie Luise von Stevani<\/div><\/a><\/div><\/div>\n<\/div><\/div>\n<\/div>\n\n\n\n<div class=\"wp-block-uagb-container uagb-block-cb888609\"><\/div>\n<\/div><\/div>\n\n\n\n<p><\/p>\n","protected":false},"excerpt":{"rendered":"<p>Neu Die Welt liegt in Tr\u00fcmmern. W\u00e4hrend Priya zusammen mit Asmodeus in eine andere Dimension verschwunden ist, versuchen Rhonda und Joshua den Widerstand aufrecht zu erhalten. Sie findet neue Verb\u00fcndete und muss gro\u00dfe Opfer erbringen. Erst als sich eine neuer Hexenzirkel zusammenfindet, scheint es wieder ein klein wenig Hoffnung zu geben. Zusammen beschlie\u00dfen sie Priya aus den F\u00e4ngen des B\u00f6sen zu befreien. Doch k\u00f6nnen Asmodeus Pl\u00e4ne \u00fcberhaupt noch durchkreuzt werden und welche Rolle spielt dabei Priyas Baby? Die Antworten auf ihre Fragen erhoffen sie sich in Drakonia. So beginnt f\u00fcr sie eine Reise ins Ungewisse, von der sie nicht wissen, ob sie nicht zu einem Himmelfahrtskommando wird. Als eBook f\u00fcr 4,99\u20ac Als Print mit der ISBN: &nbsp;9783989149373 13,90\u20ac Neu Aufregung am Nordpol: Der Weihnachtsmann ist entf\u00fchrt worden. Kein Zweifel: Das ist ein Fall f\u00fcr Frau Uhu und ihr Team von der Agentenvereinigung &#8222;Flugvogel&#8220; Dieses wundersch\u00f6n gestaltete Kinderbuch beinhaltet mehrere Weihnachtsgeschichten: Ein grimmiger Wolf wird von Weihnachten \u00fcberzeugt, ein kleiner Drache hilft dem Weihnachtsmann in Not, und eine Spinne verkauft ihre kunstvoll gesponnenen Waren auf dem Weihnachtsmarkt. Dazu gibt es Malspa\u00df und das Rezept f\u00fcr Herrn Spechts Lieblingspl\u00e4tzchen. Als Print mit der ISBN: &nbsp;9783989149380 15,90\u20ac Priya Kobold ist die Nachfahrin einer m\u00e4chtigen Hexe, die die Aufgabe hatte, ein Relikt zu bewachen.Im Laufe der Zeit ging allerdings das Relikt und das alte Wissen \u00fcber Magie verloren.Als ihr er\u00f6ffnet wird, dass sie die Auserw\u00e4hlte ist, die das Erbe der Hexe antreten soll, ist sie zun\u00e4chst verwirrt.Doch das B\u00f6se nimmt darauf keine R\u00fccksicht. Es ist ebenfalls am Relikt interessiert und ihr auf den Fersen.Ein Wettlauf mit der Zeit beginnt, der \u00fcber das Schicksal der gesamten Welt entscheiden wird. Als eBook f\u00fcr 4,99\u20ac Als Print mit der ISBN: &nbsp;9783989149434 15,90\u20ac Die Rathausuhr des St\u00e4dtchens Pfauental scheint pl\u00f6tzlich kaputt zu sein, denn sie schl\u00e4gt nicht mehr. Gigi das Gespenst wird deshalb nicht mehr rechtzeitig geweckt. Verzweifelt bitte Gigi Frau Uhu um Hilfe. K\u00f6nnte es sich um eine Intrige des eitlen B\u00fcrgermeisters Pfau handeln, der das Gespenst nicht leiden kann? Frau Uhu und die Agenten der Vereinigung Flugvogel nehmen die Ermittlungen auf. Als Print mit der ISBN: &nbsp;978-3989149465 13,90\u20ac In einem Wutanfall verwandelt die Fee Prisma ihre drei Mitsch\u00fcler in Flederm\u00e4use und l\u00e4uft davon. Nun ist guter Rat teuer. K\u00f6nigin Alegra bittet die Agentenvereinigung Flugvogel um Hilfe. Diese m\u00fcssen nicht nur die verschwundene Fee wiederfinden, sondern auch die verschiedenen Zutaten f\u00fcr ein Zauberelixier das den Fluch r\u00fcckg\u00e4ngig macht. Als Print mit der ISBN: &nbsp;978-3989149427 13,90\u20ac Eigentlich ist Thomas Brenner Lauras Traumtyp. Leider ist er auch ihr Chef und \u2026 entl\u00e4sst sie. Als dann noch sein bester Freund in Lauras Nachbarappartement einzieht, scheint das Ungl\u00fcck sich nicht mehr steigern zu lassen. Doch trotz aller Versuche, Hass aufzubauen, kommt Laura irgendwann beiden n\u00e4her. Arthur, ihr neuer schwuler Kollege steht Laura immer mit freundschaftlichen Ratschl\u00e4gen zu Seite, auch als ihr pl\u00f6tzlich klar wird, dass sie schwanger ist. Doch ist der Vater auch der Richtige f\u00fcr sie? Laura stolpert durch viele Irrungen und Wirrungen des Lebens und l\u00e4sst kein Fettn\u00e4pfchen aus \u2026 Als eBook 4,99\u20ac Als Print mit der ISBN: &nbsp;978-3-98914-945-8 14,90\u20ac<\/p>\n","protected":false},"author":1,"featured_media":0,"parent":149,"menu_order":0,"comment_status":"closed","ping_status":"closed","template":"","meta":{"ub_ctt_via":"","_coblocks_attr":"","_coblocks_dimensions":"","_coblocks_responsive_height":"","_coblocks_accordion_ie_support":"","_eb_attr":"","_uag_custom_page_level_css":"","advgb_blocks_editor_width":"","advgb_blocks_columns_visual_guide":"","_themeisle_gutenberg_block_has_review":false,"footnotes":""},"class_list":["post-860","page","type-page","status-publish","hentry"],"featured_image_src":null,"uagb_featured_image_src":{"full":false,"thumbnail":false,"medium":false,"medium_large":false,"large":false,"1536x1536":false,"2048x2048":false,"ashe-slider-grid-thumbnail":false,"ashe-full-thumbnail":false,"ashe-grid-thumbnail":false,"ashe-list-thumbnail":false,"ashe-single-navigation":false},"uagb_author_info":{"display_name":"danni","author_link":"https:\/\/neubachverlag.de\/?author=1"},"uagb_comment_info":0,"uagb_excerpt":"Neu Die Welt liegt in Tr\u00fcmmern. W\u00e4hrend Priya zusammen mit Asmodeus in eine andere Dimension verschwunden ist, versuchen Rhonda und Joshua den Widerstand aufrecht zu erhalten. Sie findet neue Verb\u00fcndete und muss gro\u00dfe Opfer erbringen. Erst als sich eine neuer Hexenzirkel zusammenfindet, scheint es wieder ein klein wenig Hoffnung zu geben. Zusammen beschlie\u00dfen sie Priya&hellip;","coauthors":[],"author_meta":{"author_link":"https:\/\/neubachverlag.de\/?author=1","display_name":"danni"},"relative_dates":{"created":"Posted 1\u00a0Jahr ago","modified":"Updated 1\u00a0Monat ago"},"absolute_dates":{"created":"Posted on 23. Oktober 2024","modified":"Updated on 16. M\u00e4rz 2026"},"absolute_dates_time":{"created":"Posted on 23. Oktober 2024 8:07","modified":"Updated on 16. M\u00e4rz 2026 8:50"},"featured_img_caption":"","featured_img":false,"series_order":"","acf":[],"_links":{"self":[{"href":"https:\/\/neubachverlag.de\/index.php?rest_route=\/wp\/v2\/pages\/860","targetHints":{"allow":["GET"]}}],"collection":[{"href":"https:\/\/neubachverlag.de\/index.php?rest_route=\/wp\/v2\/pages"}],"about":[{"href":"https:\/\/neubachverlag.de\/index.php?rest_route=\/wp\/v2\/types\/page"}],"author":[{"embeddable":true,"href":"https:\/\/neubachverlag.de\/index.php?rest_route=\/wp\/v2\/users\/1"}],"replies":[{"embeddable":true,"href":"https:\/\/neubachverlag.de\/index.php?rest_route=%2Fwp%2Fv2%2Fcomments&post=860"}],"version-history":[{"count":14,"href":"https:\/\/neubachverlag.de\/index.php?rest_route=\/wp\/v2\/pages\/860\/revisions"}],"predecessor-version":[{"id":1150,"href":"https:\/\/neubachverlag.de\/index.php?rest_route=\/wp\/v2\/pages\/860\/revisions\/1150"}],"up":[{"embeddable":true,"href":"https:\/\/neubachverlag.de\/index.php?rest_route=\/wp\/v2\/pages\/149"}],"wp:attachment":[{"href":"https:\/\/neubachverlag.de\/index.php?rest_route=%2Fwp%2Fv2%2Fmedia&parent=860"}],"curies":[{"name":"wp","href":"https:\/\/api.w.org\/{rel}","templated":true}]}}