{"id":959,"date":"2025-03-12T07:59:13","date_gmt":"2025-03-12T07:59:13","guid":{"rendered":"https:\/\/neubachverlag.de\/?page_id=959"},"modified":"2026-03-16T07:14:22","modified_gmt":"2026-03-16T07:14:22","slug":"erwachsenenliteratur","status":"publish","type":"page","link":"https:\/\/neubachverlag.de\/?page_id=959","title":{"rendered":"Belletristik ab 16"},"content":{"rendered":"\n<div class=\"wp-block-uagb-container uagb-block-49b22aea alignfull uagb-is-root-container\"><div class=\"uagb-container-inner-blocks-wrap\">\n<div class=\"wp-block-uagb-container uagb-block-9e3de213\">\n<div class=\"wp-block-uagb-image aligncenter uagb-block-6bd675e0 wp-block-uagb-image--layout-overlay wp-block-uagb-image--effect-static wp-block-uagb-image--align-center\"><figure class=\"wp-block-uagb-image__figure\"><a class=\"\" href=\"https:\/\/neubachverlag.sumupstore.com\/produkt\/azhturion-der-seelenstein\" target=\"_blank\" rel=\"noreferrer noopener\"><img decoding=\"async\" srcset=\"https:\/\/neubachverlag.de\/wp-content\/uploads\/2026\/03\/Der-Seelenstein_700x1200-213x300.jpg ,https:\/\/neubachverlag.de\/wp-content\/uploads\/2026\/03\/Der-Seelenstein_700x1200.jpg 780w, https:\/\/neubachverlag.de\/wp-content\/uploads\/2026\/03\/Der-Seelenstein_700x1200.jpg 360w\" sizes=\"auto, (max-width: 480px) 150px\" src=\"https:\/\/neubachverlag.de\/wp-content\/uploads\/2026\/03\/Der-Seelenstein_700x1200-213x300.jpg\" alt=\"\" class=\"uag-image-1125\" width=\"213\" height=\"300\" title=\"Der Seelenstein_700x1200\" loading=\"lazy\" role=\"img\"\/><\/a><div class=\"wp-block-uagb-image--layout-overlay__color-wrapper\"><\/div><div class=\"wp-block-uagb-image--layout-overlay__inner center-center\"><a class=\"wp-block-uagb-image--layout-overlay-link \" href=\"https:\/\/neubachverlag.sumupstore.com\/produkt\/azhturion-der-seelenstein\" target=\"_blank\" rel=\"noreferrer noopener\"><\/a><figcaption class=\"uagb-image-caption\">zur Bestellung<\/figcaption><\/div><\/figure><\/div>\n\n\n\n<div class=\"wp-block-uagb-buttons uagb-buttons__outer-wrap uagb-btn__default-btn uagb-btn-tablet__default-btn uagb-btn-mobile__default-btn uagb-block-04a55331\"><div class=\"uagb-buttons__wrap uagb-buttons-layout-wrap \">\n<div class=\"wp-block-uagb-buttons-child uagb-buttons__outer-wrap uagb-block-3d17c7e8 wp-block-button\"><div class=\"uagb-button__wrapper\"><a class=\"uagb-buttons-repeater wp-block-button__link\" aria-label=\"\" href=\"https:\/\/neubachverlag.sumupstore.com\/produkt\/azhturion-der-seelenstein\" rel=\"follow noopener\" target=\"_blank\" role=\"button\"><div class=\"uagb-button__link\">zur Bestellung<\/div><\/a><\/div><\/div>\n<\/div><\/div>\n<\/div>\n\n\n\n<div class=\"wp-block-uagb-container uagb-block-007998ca\">\n<h2 class=\"wp-block-heading has-text-align-center\"><span style=\"color: #cf2e2e;\" class=\"stk-highlight\">Neu<\/span><\/h2>\n\n\n\n<p>Urien gibt sich die Schuld am Tod seiner Familie und an dem der Dorfbewohner von Warenfell. Als nach zehn Jahren der Magier Astegon seine H\u00fctte betritt, glaubt er zun\u00e4chst, dass dieser gekommen ist, um ihn zu richten. Doch das ist ein Irrtum. Astegon braucht Uriens Hilfe, um ein Artefakt, das der Seelenstein genannt wird, zu finden, mit dem die Anh\u00e4nger des Todeskults den Hexer Belphegor wieder erwecken wollen. Belphegor war die rechte Hand eines m\u00e4chtigen Halbd\u00e4mons, der nur ein Ziel hatte: Azhturions Vernichtung. Ein Wettlauf gegen die Zeit beginnt, denn die Todeskultisten sind ihnen dicht auf den Fersen. Doch es naht unerwartete Hilfe \u2026<\/p>\n\n\n\n<p>Als eBook 4,99\u20ac<\/p>\n\n\n\n<p>Als Print mit der ISBN: 9783989140547 18,90\u20ac<\/p>\n<\/div>\n<\/div><\/div>\n\n\n\n<hr class=\"wp-block-separator has-alpha-channel-opacity\"\/>\n\n\n\n<div class=\"wp-block-uagb-container uagb-block-ee59e0b7 alignfull uagb-is-root-container\"><div class=\"uagb-container-inner-blocks-wrap\">\n<div class=\"wp-block-uagb-container uagb-block-4b13aeab\">\n<div class=\"wp-block-uagb-image aligncenter uagb-block-a038c090 wp-block-uagb-image--layout-overlay wp-block-uagb-image--effect-static wp-block-uagb-image--align-center\"><figure class=\"wp-block-uagb-image__figure\"><a class=\"\" href=\"https:\/\/neubachverlag.sumupstore.com\/produkt\/exzentrik-oblig\" target=\"_blank\" rel=\"noreferrer noopener\"><img decoding=\"async\" srcset=\"https:\/\/neubachverlag.de\/wp-content\/uploads\/2026\/03\/stella_cover_vorne-300x293.jpg ,https:\/\/neubachverlag.de\/wp-content\/uploads\/2026\/03\/stella_cover_vorne-scaled.jpg 780w, https:\/\/neubachverlag.de\/wp-content\/uploads\/2026\/03\/stella_cover_vorne-scaled.jpg 360w\" sizes=\"auto, (max-width: 480px) 150px\" src=\"https:\/\/neubachverlag.de\/wp-content\/uploads\/2026\/03\/stella_cover_vorne-300x293.jpg\" alt=\"\" class=\"uag-image-1126\" width=\"300\" height=\"293\" title=\"stella_cover_vorne\" loading=\"lazy\" role=\"img\"\/><\/a><div class=\"wp-block-uagb-image--layout-overlay__color-wrapper\"><\/div><div class=\"wp-block-uagb-image--layout-overlay__inner center-center\"><a class=\"wp-block-uagb-image--layout-overlay-link \" href=\"https:\/\/neubachverlag.sumupstore.com\/produkt\/exzentrik-oblig\" target=\"_blank\" rel=\"noreferrer noopener\"><\/a><figcaption class=\"uagb-image-caption\">zur Bestellung<\/figcaption><\/div><\/figure><\/div>\n\n\n\n<div class=\"wp-block-uagb-buttons uagb-buttons__outer-wrap uagb-btn__default-btn uagb-btn-tablet__default-btn uagb-btn-mobile__default-btn uagb-block-3c4c8318\"><div class=\"uagb-buttons__wrap uagb-buttons-layout-wrap \">\n<div class=\"wp-block-uagb-buttons-child uagb-buttons__outer-wrap uagb-block-8ace8b5d wp-block-button\"><div class=\"uagb-button__wrapper\"><a class=\"uagb-buttons-repeater wp-block-button__link\" aria-label=\"\" href=\"https:\/\/neubachverlag.sumupstore.com\/produkt\/exzentrik-oblig\" rel=\"follow noopener\" target=\"_blank\" role=\"button\"><div class=\"uagb-button__link\">zur Bestellung<\/div><\/a><\/div><\/div>\n<\/div><\/div>\n<\/div>\n\n\n\n<div class=\"wp-block-uagb-container uagb-block-bd0921ef\">\n<h2 class=\"wp-block-heading has-text-align-center\"><span style=\"color: #cf2e2e;\" class=\"stk-highlight\">Neu<\/span><\/h2>\n\n\n\n<p>Das sinnliche Spiel mit Stil, Mode und dem sch\u00f6nen Leben<\/p>\n\n\n\n<p>Sich extravagant zu kleiden und ein wenig exzentrisch zu sein, macht Spa\u00df. Aber keine Sorge, dieses Buch ist kein Regelwerk!<\/p>\n\n\n\n<p>Es soll inspirieren, Mut machen und unterhalten. Nicht mehr, aber auch nicht weniger. Und es geht inhaltlich weit \u00fcber das \u00c4u\u00dfere hinaus. Die Autorin Stella Ahangi philosophiert nicht nur \u00fcber Stil und Kleidung, sondern \u00fcber das Leben und \u00fcber Grenzen, die wir uns selbst setzen. Auf diese Weise motiviert sie uns, freudvoller und glamour\u00f6ser durch den Alltag des Seins zu schreiten.<\/p>\n\n\n\n<p>Als Print mit der ISBN: 9783989140486 24,90\u20ac<\/p>\n<\/div>\n<\/div><\/div>\n\n\n\n<hr class=\"wp-block-separator has-alpha-channel-opacity\"\/>\n\n\n\n<div class=\"wp-block-uagb-container uagb-block-89148533 alignfull uagb-is-root-container\"><div class=\"uagb-container-inner-blocks-wrap\">\n<div class=\"wp-block-uagb-container uagb-block-68049a71\">\n<div class=\"wp-block-uagb-image aligncenter uagb-block-a4a0f8f0 wp-block-uagb-image--layout-overlay wp-block-uagb-image--effect-static wp-block-uagb-image--align-center\"><figure class=\"wp-block-uagb-image__figure\"><a class=\"\" href=\"https:\/\/neubachverlag.sumupstore.com\/produkt\/fatale-entscheidung\" target=\"_blank\" rel=\"noreferrer noopener\"><img decoding=\"async\" srcset=\"https:\/\/neubachverlag.de\/wp-content\/uploads\/2025\/03\/Fatale-Entscheidung-191x300.jpg ,https:\/\/neubachverlag.de\/wp-content\/uploads\/2025\/03\/Fatale-Entscheidung.jpg 780w, https:\/\/neubachverlag.de\/wp-content\/uploads\/2025\/03\/Fatale-Entscheidung.jpg 360w\" sizes=\"auto, (max-width: 480px) 150px\" src=\"https:\/\/neubachverlag.de\/wp-content\/uploads\/2025\/03\/Fatale-Entscheidung-191x300.jpg\" alt=\"\" class=\"uag-image-953\" width=\"191\" height=\"300\" title=\"Fatale Entscheidung\" loading=\"lazy\" role=\"img\"\/><\/a><div class=\"wp-block-uagb-image--layout-overlay__color-wrapper\"><\/div><div class=\"wp-block-uagb-image--layout-overlay__inner center-center\"><a class=\"wp-block-uagb-image--layout-overlay-link \" href=\"https:\/\/neubachverlag.sumupstore.com\/produkt\/fatale-entscheidung\" target=\"_blank\" rel=\"noreferrer noopener\"><\/a><figcaption class=\"uagb-image-caption\">zur Bestellung<\/figcaption><\/div><\/figure><\/div>\n\n\n\n<div class=\"wp-block-uagb-buttons uagb-buttons__outer-wrap uagb-btn__default-btn uagb-btn-tablet__default-btn uagb-btn-mobile__default-btn uagb-block-7091513f\"><div class=\"uagb-buttons__wrap uagb-buttons-layout-wrap \">\n<div class=\"wp-block-uagb-buttons-child uagb-buttons__outer-wrap uagb-block-0b053126 wp-block-button\"><div class=\"uagb-button__wrapper\"><a class=\"uagb-buttons-repeater wp-block-button__link\" aria-label=\"\" href=\"https:\/\/neubachverlag.sumupstore.com\/produkt\/fatale-entscheidung\" rel=\"follow noopener\" target=\"_blank\" role=\"button\"><div class=\"uagb-button__link\">zur Bestellung<\/div><\/a><\/div><\/div>\n<\/div><\/div>\n<\/div>\n\n\n\n<div class=\"wp-block-uagb-container uagb-block-2faef108\">\n<p>Als der Anlageberater Alex Sommer zunehmend unter finanziellen Druck ger\u00e4t, nimmt er einen omin\u00f6sen Job bei der Gen-Inform an.<\/p>\n\n\n\n<p>Erst ein famili\u00e4res Zerw\u00fcrfnis und der fragw\u00fcrdige Todesfall eines Kollegen lassen ihn an seiner Beratert\u00e4tigkeit zweifeln.<\/p>\n\n\n\n<p>Doch durch seine K\u00fcndigung ger\u00e4t nicht nur er, sondern auch sein Umfeld in Gefahr.<\/p>\n\n\n\n<p>Als eBook 4,99\u20ac<\/p>\n\n\n\n<p>Als Print mit der ISBN: <strong>&nbsp;<\/strong>9783989149441 15,90\u20ac<\/p>\n<\/div>\n<\/div><\/div>\n\n\n\n<hr class=\"wp-block-separator has-alpha-channel-opacity\"\/>\n\n\n\n<div class=\"wp-block-uagb-container uagb-block-67bb6d9e alignfull uagb-is-root-container\"><div class=\"uagb-container-inner-blocks-wrap\">\n<div class=\"wp-block-uagb-container uagb-block-a05d6420\">\n<div class=\"wp-block-uagb-image aligncenter uagb-block-398f2adb wp-block-uagb-image--layout-overlay wp-block-uagb-image--effect-static wp-block-uagb-image--align-center\"><figure class=\"wp-block-uagb-image__figure\"><a class=\"\" href=\"https:\/\/neubachverlag.sumupstore.com\/produkt\/matschefusse\" target=\"_blank\" rel=\"noreferrer noopener\"><img decoding=\"async\" srcset=\"https:\/\/neubachverlag.de\/wp-content\/uploads\/2024\/10\/Matschefuesse_eBook-198x300.jpg ,https:\/\/neubachverlag.de\/wp-content\/uploads\/2024\/10\/Matschefuesse_eBook.jpg 780w, https:\/\/neubachverlag.de\/wp-content\/uploads\/2024\/10\/Matschefuesse_eBook.jpg 360w\" sizes=\"auto, (max-width: 480px) 150px\" src=\"https:\/\/neubachverlag.de\/wp-content\/uploads\/2024\/10\/Matschefuesse_eBook-198x300.jpg\" alt=\"\" class=\"uag-image-796\" width=\"198\" height=\"300\" title=\"Matschef\u00fc\u00dfe_eBook\" loading=\"lazy\" role=\"img\"\/><\/a><div class=\"wp-block-uagb-image--layout-overlay__color-wrapper\"><\/div><div class=\"wp-block-uagb-image--layout-overlay__inner center-center\"><a class=\"wp-block-uagb-image--layout-overlay-link \" href=\"https:\/\/neubachverlag.sumupstore.com\/produkt\/matschefusse\" target=\"_blank\" rel=\"noreferrer noopener\"><\/a><figcaption class=\"uagb-image-caption\">zur Bestellung<\/figcaption><\/div><\/figure><\/div>\n\n\n\n<div class=\"wp-block-uagb-buttons uagb-buttons__outer-wrap uagb-btn__default-btn uagb-btn-tablet__default-btn uagb-btn-mobile__default-btn uagb-block-36d477a2\"><div class=\"uagb-buttons__wrap uagb-buttons-layout-wrap \">\n<div class=\"wp-block-uagb-buttons-child uagb-buttons__outer-wrap uagb-block-db2512f0 wp-block-button\"><div class=\"uagb-button__wrapper\"><a class=\"uagb-buttons-repeater wp-block-button__link\" aria-label=\"\" href=\"https:\/\/neubachverlag.sumupstore.com\/produkt\/matschefusse\" rel=\"follow noopener\" target=\"_blank\" role=\"button\"><div class=\"uagb-button__link\">zur Bestellung<\/div><\/a><\/div><\/div>\n<\/div><\/div>\n<\/div>\n\n\n\n<div class=\"wp-block-uagb-container uagb-block-d71bb047\">\n<p>Die vierzehnj\u00e4hrige Landwirtstochter Maria w\u00e4chst unter strenger Erziehung, aber hingebungsvoller Liebe ihrer Eltern Ina und Peter auf deren Hof auf. Alles scheint wunderbar, bis sie als Teenager ihre Adoptionspapiere findet. Ihr Trauma schlummert jahrzehntelang. Halbherzig \u00fcbernimmt sie den Hof, arbeitet unerm\u00fcdlich und gr\u00fcndet eine Familie, obwohl sie schon immer davon tr\u00e4umte, Schauspielerin zu werden. Erst die spontane Urlaubsidee, ein Buch \u00fcber ihr Schicksal zu schreiben, l\u00e4sst Marias Leben zu einer spannenden Achterbahnfahrt werden. Ihr K\u00f6rper bricht zusammen und ihre verschlossene Seele beginnt endlich zu sprechen. Ihr Buch, ihr Herzenswerk, bewegt sie nicht nur zur h\u00fcrdenreichen Suche nach ihren leiblichen Eltern, sondern endet letztendlich in ihrer eigenen spannenden Selbstfindung. Sie bekommt das Geschenk einer \u201cLebensgebrauchsanweisung\u201d, die Maria die Macht der Gedanken und der Liebe offenbart, sodass sie guten Glaubens ihre Herzensw\u00fcnsche ansteuert, die doch so unerreichbar scheinen. So f\u00fchrt ihr eigenes Schicksal sie auf den Weg zu ihrem eigenen Gl\u00fcck.<\/p>\n\n\n\n<p>Als eBook 4,99\u20ac<\/p>\n\n\n\n<p>Als Print mit der ISBN: 9783989140288 15,90\u20ac<\/p>\n<\/div>\n<\/div><\/div>\n\n\n\n<hr class=\"wp-block-separator aligncenter has-alpha-channel-opacity\"\/>\n","protected":false},"excerpt":{"rendered":"<p>Neu Urien gibt sich die Schuld am Tod seiner Familie und an dem der Dorfbewohner von Warenfell. Als nach zehn Jahren der Magier Astegon seine H\u00fctte betritt, glaubt er zun\u00e4chst, dass dieser gekommen ist, um ihn zu richten. Doch das ist ein Irrtum. Astegon braucht Uriens Hilfe, um ein Artefakt, das der Seelenstein genannt wird, zu finden, mit dem die Anh\u00e4nger des Todeskults den Hexer Belphegor wieder erwecken wollen. Belphegor war die rechte Hand eines m\u00e4chtigen Halbd\u00e4mons, der nur ein Ziel hatte: Azhturions Vernichtung. Ein Wettlauf gegen die Zeit beginnt, denn die Todeskultisten sind ihnen dicht auf den Fersen. Doch es naht unerwartete Hilfe \u2026 Als eBook 4,99\u20ac Als Print mit der ISBN: 9783989140547 18,90\u20ac Neu Das sinnliche Spiel mit Stil, Mode und dem sch\u00f6nen Leben Sich extravagant zu kleiden und ein wenig exzentrisch zu sein, macht Spa\u00df. Aber keine Sorge, dieses Buch ist kein Regelwerk! Es soll inspirieren, Mut machen und unterhalten. Nicht mehr, aber auch nicht weniger. Und es geht inhaltlich weit \u00fcber das \u00c4u\u00dfere hinaus. Die Autorin Stella Ahangi philosophiert nicht nur \u00fcber Stil und Kleidung, sondern \u00fcber das Leben und \u00fcber Grenzen, die wir uns selbst setzen. Auf diese Weise motiviert sie uns, freudvoller und glamour\u00f6ser durch den Alltag des Seins zu schreiten. Als Print mit der ISBN: 9783989140486 24,90\u20ac Als der Anlageberater Alex Sommer zunehmend unter finanziellen Druck ger\u00e4t, nimmt er einen omin\u00f6sen Job bei der Gen-Inform an. Erst ein famili\u00e4res Zerw\u00fcrfnis und der fragw\u00fcrdige Todesfall eines Kollegen lassen ihn an seiner Beratert\u00e4tigkeit zweifeln. Doch durch seine K\u00fcndigung ger\u00e4t nicht nur er, sondern auch sein Umfeld in Gefahr. Als eBook 4,99\u20ac Als Print mit der ISBN: &nbsp;9783989149441 15,90\u20ac Die vierzehnj\u00e4hrige Landwirtstochter Maria w\u00e4chst unter strenger Erziehung, aber hingebungsvoller Liebe ihrer Eltern Ina und Peter auf deren Hof auf. Alles scheint wunderbar, bis sie als Teenager ihre Adoptionspapiere findet. Ihr Trauma schlummert jahrzehntelang. Halbherzig \u00fcbernimmt sie den Hof, arbeitet unerm\u00fcdlich und gr\u00fcndet eine Familie, obwohl sie schon immer davon tr\u00e4umte, Schauspielerin zu werden. Erst die spontane Urlaubsidee, ein Buch \u00fcber ihr Schicksal zu schreiben, l\u00e4sst Marias Leben zu einer spannenden Achterbahnfahrt werden. Ihr K\u00f6rper bricht zusammen und ihre verschlossene Seele beginnt endlich zu sprechen. Ihr Buch, ihr Herzenswerk, bewegt sie nicht nur zur h\u00fcrdenreichen Suche nach ihren leiblichen Eltern, sondern endet letztendlich in ihrer eigenen spannenden Selbstfindung. Sie bekommt das Geschenk einer \u201cLebensgebrauchsanweisung\u201d, die Maria die Macht der Gedanken und der Liebe offenbart, sodass sie guten Glaubens ihre Herzensw\u00fcnsche ansteuert, die doch so unerreichbar scheinen. So f\u00fchrt ihr eigenes Schicksal sie auf den Weg zu ihrem eigenen Gl\u00fcck. Als eBook 4,99\u20ac Als Print mit der ISBN: 9783989140288 15,90\u20ac<\/p>\n","protected":false},"author":1,"featured_media":0,"parent":149,"menu_order":0,"comment_status":"closed","ping_status":"closed","template":"","meta":{"ub_ctt_via":"","_coblocks_attr":"","_coblocks_dimensions":"","_coblocks_responsive_height":"","_coblocks_accordion_ie_support":"","_eb_attr":"","_uag_custom_page_level_css":"","advgb_blocks_editor_width":"","advgb_blocks_columns_visual_guide":"","_themeisle_gutenberg_block_has_review":false,"footnotes":""},"class_list":["post-959","page","type-page","status-publish","hentry"],"featured_image_src":null,"uagb_featured_image_src":{"full":false,"thumbnail":false,"medium":false,"medium_large":false,"large":false,"1536x1536":false,"2048x2048":false,"ashe-slider-grid-thumbnail":false,"ashe-full-thumbnail":false,"ashe-grid-thumbnail":false,"ashe-list-thumbnail":false,"ashe-single-navigation":false},"uagb_author_info":{"display_name":"danni","author_link":"https:\/\/neubachverlag.de\/?author=1"},"uagb_comment_info":0,"uagb_excerpt":"Neu Urien gibt sich die Schuld am Tod seiner Familie und an dem der Dorfbewohner von Warenfell. Als nach zehn Jahren der Magier Astegon seine H\u00fctte betritt, glaubt er zun\u00e4chst, dass dieser gekommen ist, um ihn zu richten. Doch das ist ein Irrtum. Astegon braucht Uriens Hilfe, um ein Artefakt, das der Seelenstein genannt wird,&hellip;","coauthors":[],"author_meta":{"author_link":"https:\/\/neubachverlag.de\/?author=1","display_name":"danni"},"relative_dates":{"created":"Posted 1\u00a0Jahr ago","modified":"Updated 1\u00a0Monat ago"},"absolute_dates":{"created":"Posted on 12. M\u00e4rz 2025","modified":"Updated on 16. M\u00e4rz 2026"},"absolute_dates_time":{"created":"Posted on 12. M\u00e4rz 2025 7:59","modified":"Updated on 16. M\u00e4rz 2026 7:14"},"featured_img_caption":"","featured_img":false,"series_order":"","acf":[],"_links":{"self":[{"href":"https:\/\/neubachverlag.de\/index.php?rest_route=\/wp\/v2\/pages\/959","targetHints":{"allow":["GET"]}}],"collection":[{"href":"https:\/\/neubachverlag.de\/index.php?rest_route=\/wp\/v2\/pages"}],"about":[{"href":"https:\/\/neubachverlag.de\/index.php?rest_route=\/wp\/v2\/types\/page"}],"author":[{"embeddable":true,"href":"https:\/\/neubachverlag.de\/index.php?rest_route=\/wp\/v2\/users\/1"}],"replies":[{"embeddable":true,"href":"https:\/\/neubachverlag.de\/index.php?rest_route=%2Fwp%2Fv2%2Fcomments&post=959"}],"version-history":[{"count":9,"href":"https:\/\/neubachverlag.de\/index.php?rest_route=\/wp\/v2\/pages\/959\/revisions"}],"predecessor-version":[{"id":1132,"href":"https:\/\/neubachverlag.de\/index.php?rest_route=\/wp\/v2\/pages\/959\/revisions\/1132"}],"up":[{"embeddable":true,"href":"https:\/\/neubachverlag.de\/index.php?rest_route=\/wp\/v2\/pages\/149"}],"wp:attachment":[{"href":"https:\/\/neubachverlag.de\/index.php?rest_route=%2Fwp%2Fv2%2Fmedia&parent=959"}],"curies":[{"name":"wp","href":"https:\/\/api.w.org\/{rel}","templated":true}]}}